{"id":463,"date":"2023-06-28T08:49:32","date_gmt":"2023-06-28T08:49:32","guid":{"rendered":"https:\/\/www.thepoint.com.es\/?page_id=463"},"modified":"2023-06-28T10:19:53","modified_gmt":"2023-06-28T10:19:53","slug":"politica-de-cookies","status":"publish","type":"page","link":"https:\/\/www.thepoint.com.es\/en\/politica-de-cookies\/","title":{"rendered":"Pol\u00edtica de Cookies"},"content":{"rendered":"<div class=\"wpb-content-wrapper\"><div      class=\"vc_row wpb_row section vc_row-fluid\" style=' text-align:left;'><div class=\"full_section_inner clearfix\"><div class=\"wpb_column vc_column_container vc_col-sm-12\"><div class=\"vc_column-inner\"><div class=\"wpb_wrapper\">\n\t<div class=\"wpb_text_column wpb_content_element\">\n\t\t<div class=\"wpb_wrapper\">\n\t\t\t<h3><b>Pol\u00edtica de cookies<\/b><\/h3>\n<p>&nbsp;<\/p>\n<p><b>\u00bfQu\u00e9 objeto tiene esta pol\u00edtica?<\/b><\/p>\n<p><span style=\"font-weight: 400;\">Informar a la persona usuaria sobre el uso en este sitio web\u00a0<\/span><a href=\"http:\/\/www.treelogy.es\/\"><span style=\"font-weight: 400;\">www.thepoint.com.es<\/span><\/a><span style=\"font-weight: 400;\">\u00a0(en adelante Sitio o Sitio web) de cookies y dispositivos de almacenamiento y recuperaci\u00f3n de datos (dard) y tecnolog\u00edas equivalentes.<\/span><\/p>\n<p><span style=\"font-weight: 400;\">\u00a0<\/span><\/p>\n<p><b>\u00bfQu\u00e9 son las cookies y cu\u00e1l es su funci\u00f3n?<\/b><\/p>\n<p><span style=\"font-weight: 400;\">Las cookies y los dispositivos de almacenamiento y recuperaci\u00f3n de datos (dard) (en adelante todos denominados como cookies) son ficheros o archivos de texto que un servidor web descarga y almacena en el ordenador\/smartphone\/tablet (en adelante equipo) de la persona usuaria o en el propio servidor, al acceder a determinadas p\u00e1ginas web para almacenar y recuperar informaci\u00f3n sobre la navegaci\u00f3n que realiza la persona usuaria desde dicho equipo. En este sentido, las cookies pueden almacenar informaci\u00f3n sobre el equipo de la persona usuaria o sobre sus sesiones de navegaci\u00f3n de los sitios web que ha visitado.<\/span><\/p>\n<p><span style=\"font-weight: 400;\">\u00a0<\/span><\/p>\n<p><span style=\"font-weight: 400;\">Este Sitio web utiliza cookies que almacenan y recuperan informaci\u00f3n cuando la persona usuaria navega. En general, estas tecnolog\u00edas pueden servir para finalidades muy diversas como, por ejemplo, reconocer a la persona usuaria, obtener informaci\u00f3n sobre sus h\u00e1bitos de navegaci\u00f3n o personalizar la forma en que se muestra el contenido. Los usos concretos que se hacen de estas tecnolog\u00edas se describen a continuaci\u00f3n.<\/span><\/p>\n<p><span style=\"font-weight: 400;\">\u00a0<\/span><\/p>\n<p><b>\u00bfQu\u00e9 tipo de cookies se utilizan en este sitio web y con qu\u00e9 finalidad?<\/b><\/p>\n<p><span style=\"font-weight: 400;\">Este Sitio web utiliza cookies propias y de terceros.<\/span><\/p>\n<p><span style=\"font-weight: 400;\">\u00a0<\/span><\/p>\n<p><b>Cookies propias:\u00a0<\/b><span style=\"font-weight: 400;\">son aquellas que se env\u00edan al equipo terminal de la persona usuaria desde un equipo o dominio gestionado por TBMedia Universal S.L.U. (en adelante TBMedia) y desde el que se presta el servicio solicitado por la persona usuaria.<\/span><\/p>\n<p><span style=\"font-weight: 400;\">\u00a0<\/span><\/p>\n<p><b>Cookies de tercero:\u00a0<\/b><span style=\"font-weight: 400;\">son aquellas que se env\u00edan al equipo terminal de la persona usuaria desde un equipo o dominio que no es gestionado por el editor sino por otra entidad que trata los datos obtenidos a trav\u00e9s de las cookies.<\/span><\/p>\n<p><span style=\"font-weight: 400;\">\u00a0<\/span><\/p>\n<p><span style=\"font-weight: 400;\">Asimismo, este Sitio web utiliza las siguientes cookies con las finalidades descritas a continuaci\u00f3n:<\/span><\/p>\n<p><span style=\"font-weight: 400;\">\u00a0<\/span><\/p>\n<ul>\n<li style=\"font-weight: 400;\" aria-level=\"1\"><b>T\u00e9cnicas:\u00a0<\/b><span style=\"font-weight: 400;\">son las cookies utilizadas en este Sitio web por TBMedia y, en su caso, por terceros, que permiten la navegaci\u00f3n de la persona usuaria por el Sitio y la utilizaci\u00f3n de los diferentes servicios prestados en el mismo, incluyendo aquellas que permitan la gesti\u00f3n y operativa de la p\u00e1gina web y sus funciones, como por ejemplo, la identificaci\u00f3n de sesiones, el tr\u00e1fico, la seguridad durante la navegaci\u00f3n y el almacenamiento de contenidos para su difusi\u00f3n y publicaci\u00f3n, tales como los v\u00eddeos, o para compartir a trav\u00e9s de redes sociales.<\/span><\/li>\n<\/ul>\n<p><span style=\"font-weight: 400;\">Estas cookies son necesarias.<\/span><\/p>\n<p><span style=\"font-weight: 400;\">\u00a0<\/span><\/p>\n<ul>\n<li style=\"font-weight: 400;\" aria-level=\"1\"><b>Cookies de rendimiento:\u00a0<\/b><span style=\"font-weight: 400;\">son las cookies utilizadas en este Sitio web por TBMedia y por terceros, que permiten cuantificar el n\u00famero de personas usuarias que visitan el Sitio y realizar mediciones y an\u00e1lisis estad\u00edsticos de la utilizaci\u00f3n que hacen las personas usuarias de los contenidos y servicios ofrecidos en el Sitio web. Para ello, se analiza la navegaci\u00f3n en el Sitio web con el fin de mejorar la oferta de contenidos, servicios y productos ofrecidos y corregir la estructura del Sitio web para mejorar la forma de navegar por el mismo.<\/span><\/li>\n<\/ul>\n<p><span style=\"font-weight: 400;\">Al aceptar estas cookies tambi\u00e9n se consiente la transferencia internacional de datos a Estados Unidos.<\/span><\/p>\n<p><span style=\"font-weight: 400;\">\u00a0<\/span><\/p>\n<ul>\n<li style=\"font-weight: 400;\" aria-level=\"1\"><b>Cookies de preferencias:\u00a0<\/b><span style=\"font-weight: 400;\">son las cookies utilizadas en este Sitio web por TBMedia y, en su caso, por terceros, para recordar la informaci\u00f3n de la persona usuaria con el fin de configurar y ofrecer unos par\u00e1metros de navegaci\u00f3n diferentes de otras personas usuarias como, por ejemplo, el idioma, tipo de navegador, lugar de acceso, la forma de visualizar los contenidos. Algunos servicios del Sitio web pueden verse afectados si no se aceptan estas cookies.<\/span><\/li>\n<\/ul>\n<p><span style=\"font-weight: 400;\">Al aceptar estas cookies tambi\u00e9n se consiente la transferencia internacional de datos a Estados Unidos.<\/span><\/p>\n<p><span style=\"font-weight: 400;\">\u00a0<\/span><\/p>\n<p><b>\u00bfQui\u00e9nes utilizan cookies en este sitio web?<\/b><\/p>\n<p><b>\u00a0<\/b><\/p>\n<p><span style=\"font-weight: 400;\">Las siguientes entidades utilizan las cookies descritas a continuaci\u00f3n con estas finalidades:<\/span><\/p>\n<p><span style=\"font-weight: 400;\">\u00a0<\/span><\/p>\n<ul>\n<li style=\"font-weight: 400;\" aria-level=\"1\"><span style=\"font-weight: 400;\">TBMedia<\/span><\/li>\n<\/ul>\n<p><span style=\"font-weight: 400;\">Tipo o Funci\u00f3n: T\u00e9cnicas. Servidor:\u00a0<\/span><a href=\"http:\/\/www.treelogy.es\/\"><span style=\"font-weight: 400;\">www.thepoint.com.es.<\/span><\/a><\/p>\n<p><span style=\"font-weight: 400;\">Estas cookies son necesarias y por tanto, est\u00e1n excluidas del deber de obtenci\u00f3n del consentimiento de la persona usuaria.<\/span><\/p>\n<p><span style=\"font-weight: 400;\">\u00a0<\/span><\/p>\n<ul>\n<li style=\"font-weight: 400;\" aria-level=\"1\"><span style=\"font-weight: 400;\">Google, (Google Analytics).<\/span><\/li>\n<\/ul>\n<p><span style=\"font-weight: 400;\">Tipo o Funci\u00f3n: Rendimiento (An\u00e1lisis). Servidor:\u00a0<\/span><a href=\"http:\/\/www.google.com\/\"><span style=\"font-weight: 400;\">www.google.com.<\/span><\/a><\/p>\n<p><span style=\"font-weight: 400;\">Estas cookies no est\u00e1n excluidas del deber de obtenci\u00f3n del consentimiento, por lo que la persona usuaria debe autorizar el uso de las mismas.<\/span><\/p>\n<p><span style=\"font-weight: 400;\">\u00a0<\/span><\/p>\n<ul>\n<li style=\"font-weight: 400;\" aria-level=\"1\"><span style=\"font-weight: 400;\">Google, (Google Analytics).<\/span><\/li>\n<\/ul>\n<p><span style=\"font-weight: 400;\">Tipo o Funci\u00f3n: Preferencias y personalizaci\u00f3n. Servidor:\u00a0<\/span><a href=\"http:\/\/www.google.com\/\"><span style=\"font-weight: 400;\">www.google.com.<\/span><\/a><\/p>\n<p><span style=\"font-weight: 400;\">Estas cookies no est\u00e1n excluidas del deber de obtenci\u00f3n del consentimiento, por lo que la persona usuaria debe autorizar el uso de las mismas.<\/span><\/p>\n<p><span style=\"font-weight: 400;\">\u00a0<\/span><\/p>\n<p><b>\u00bfC\u00f3mo se aceptan, se rechazan, se revoca el consentimiento otorgado por la persona usuaria o se limitan las cookies de este sitio web?<\/b><\/p>\n<p><span style=\"font-weight: 400;\">\u00a0<\/span><\/p>\n<p><span style=\"font-weight: 400;\">Mediante las diferentes opciones incluidas en el aviso del uso de cookies que se visualiza al acceder por primera vez al Sitio web, la persona usuaria puede aceptar o rechazar el uso en este Sitio web de las cookies que no son necesarias as\u00ed como la transferencia internacional de sus datos a Estados Unidos. A tales efectos:<\/span><\/p>\n<p>&nbsp;<\/p>\n<ul>\n<li style=\"font-weight: 400;\" aria-level=\"1\"><span style=\"font-weight: 400;\">Para aceptar las cookies anal\u00edticas (Google Analytics): se debe pulsar en el bot\u00f3n ACEPTAR TODO.<\/span><\/li>\n<\/ul>\n<p><span style=\"font-weight: 400;\">\u00a0<\/span><\/p>\n<ul>\n<li style=\"font-weight: 400;\" aria-level=\"1\"><span style=\"font-weight: 400;\">Para rechazar las cookies anal\u00edticas (Google Analytics): se debe pulsar en el bot\u00f3n RECHAZAR TODO.<\/span><\/li>\n<\/ul>\n<p><span style=\"font-weight: 400;\">\u00a0<\/span><\/p>\n<p><span style=\"font-weight: 400;\">Las cookies necesarias (t\u00e9cnicas) no se pueden rechazar y por tanto hay que aceptarlas por ser necesarias.<\/span><\/p>\n<p><span style=\"font-weight: 400;\">\u00a0<\/span><\/p>\n<p><span style=\"font-weight: 400;\">Para revocar el consentimiento otorgado: se deben eliminar las cookies c\u00f3mo se indica a continuaci\u00f3n.<\/span><\/p>\n<p><span style=\"font-weight: 400;\">\u00a0<\/span><\/p>\n<ul>\n<li style=\"font-weight: 400;\" aria-level=\"1\"><span style=\"font-weight: 400;\">Para eliminar las cookies: a trav\u00e9s de la configuraci\u00f3n del navegador y seg\u00fan cada tipo de navegador, mediante la siguiente informaci\u00f3n:<\/span><\/li>\n<\/ul>\n<p><span style=\"font-weight: 400;\">\u00a0<\/span><\/p>\n<p><span style=\"font-weight: 400;\">Google Chrome:\u00a0<\/span><a href=\"https:\/\/support.google.com\/chrome\/answer\/95647?hl=es\"><span style=\"font-weight: 400;\">https:\/\/support.google.com\/chrome\/answer\/95647?hl=es<\/span><\/a><span style=\"font-weight: 400;\">\u00a0Mozilla Firefox:\u00a0<\/span><a href=\"http:\/\/support.mozilla.org\/es\/kb\/impedir-que-los-sitios-web-\"><span style=\"font-weight: 400;\">http:\/\/support.mozilla.org\/es\/kb\/impedir-que-los-sitios-web-<\/span><\/a><\/p>\n<p><span style=\"font-weight: 400;\">guarden-sus-preferencia<\/span><\/p>\n<p><span style=\"font-weight: 400;\">Internet Explorer:\u00a0<\/span><a href=\"http:\/\/windows.microsoft.com\/es-es\/windows-vista\/block-or-\"><span style=\"font-weight: 400;\">http:\/\/windows.microsoft.com\/es-es\/windows-vista\/block-or-<\/span><\/a><span style=\"font-weight: 400;\">\u00a0<\/span><span style=\"font-weight: 400;\">allow-cookies<\/span><\/p>\n<p><span style=\"font-weight: 400;\">\u00a0<\/span><\/p>\n<p><span style=\"font-weight: 400;\">Safari:\u00a0<\/span><a href=\"https:\/\/support.apple.com\/kb\/PH21411?viewlocale=es_ES&amp;locale=es_ES\"><span style=\"font-weight: 400;\">https:\/\/support.apple.com\/kb\/PH21411?viewlocale=es_ES&amp;locale=es_ES<\/span><\/a><span style=\"font-weight: 400;\">\u00a0Safari para IOS (iPhone, iPad):\u00a0<\/span><a href=\"http:\/\/www.apple.com\/es\/privacy\/use-of-\"><span style=\"font-weight: 400;\">http:\/\/www.apple.com\/es\/privacy\/use-of-<\/span><\/a><\/p>\n<p><span style=\"font-weight: 400;\">cookies\/<\/span><\/p>\n<p><span style=\"font-weight: 400;\">Cookies Flash:\u00a0<\/span><a href=\"http:\/\/www.macromedia.com\/support\/documentation\/es\/flashplayer\/help\/setti\"><span style=\"font-weight: 400;\">http:\/\/www.macromedia.com\/support\/documentation\/es\/flashplayer\/help\/setti<\/span><\/a><span style=\"font-weight: 400;\">\u00a0<\/span><span style=\"font-weight: 400;\">ngs_manager07.html<\/span><\/p>\n<p><span style=\"font-weight: 400;\">Opera:\u00a0<\/span><a href=\"http:\/\/help.opera.com\/Windows\/12.00\/es-ES\/cookies.html\"><span style=\"font-weight: 400;\">http:\/\/help.opera.com\/Windows\/12.00\/es-ES\/cookies.html<\/span><\/a><\/p>\n<p><span style=\"font-weight: 400;\">Chrome para Android:\u00a0<\/span><a href=\"https:\/\/support.google.com\/chrome\/answer\/2392971?hl=es\"><span style=\"font-weight: 400;\">https:\/\/support.google.com\/chrome\/answer\/2392971?hl=es<\/span><\/a><\/p>\n<p><span style=\"font-weight: 400;\">\u00a0<\/span><\/p>\n<p><b>\u00bfSe realizan transferencias internacionales de datos desde este sitio web?<\/b><\/p>\n<p><b>\u00a0<\/b><\/p>\n<p><span style=\"font-weight: 400;\">S\u00ed.<\/span><\/p>\n<p><span style=\"font-weight: 400;\">\u00a0<\/span><\/p>\n<p><span style=\"font-weight: 400;\">El siguiente tercero editor realiza desde este Sitio web transferencias internacionales de datos derivados de las cookies:<\/span><\/p>\n<p><span style=\"font-weight: 400;\">\u00a0<\/span><\/p>\n<p><span style=\"font-weight: 400;\">* Google, Inc. transfiere datos a Estados Unidos en el caso de que la persona usuaria haya otorgado su consentimiento al pulsar en el bot\u00f3n ACEPTAR TODO que aparece en el aviso del uso de cookies que se visualiza al acceder por primera vez a este Sitio web.<\/span><\/p>\n<p><span style=\"font-weight: 400;\">\u00a0<\/span><\/p>\n<p><span style=\"font-weight: 400;\">En tal caso, cuando la persona usuaria haya aceptado el uso de las cookies de Google Analytics de Google, Inc estar\u00e1 consintiendo que sus datos, recogidos a trav\u00e9s de la carga y lectura de las cookies, sean transferidos a Estados Unidos, pa\u00eds que en la actualidad no ofrece un nivel de protecci\u00f3n adecuado declarado por la Comisi\u00f3n Europea.<\/span><\/p>\n<p><span style=\"font-weight: 400;\">\u00a0<\/span><\/p>\n<p><span style=\"font-weight: 400;\">En otro caso, si la persona usuaria no consiente la transferencia internacional de sus datos a Estados Unidos, al acceder por primera vez a este Sitio web y visualizar el aviso del uso de cookies, deber\u00e1 rechazar las cookies de Google, Inc pulsando el bot\u00f3n RECHAZAR TODO. En este supuesto, no se prestar\u00e1 a la persona usuaria ni se obtendr\u00e1n las funcionalidades o servicios que se ofrecen mediante estas cookies.<\/span><\/p>\n<p><span style=\"font-weight: 400;\">\u00a0<\/span><\/p>\n<p><b>\u00bfSe elaboran perfiles mediante las cookies que se recogen en este sitio web?<\/b><\/p>\n<p><b>\u00a0<\/b><\/p>\n<p><span style=\"font-weight: 400;\">No se realizan perfilados con los datos de las cookies utilizadas en este Sitio web.<\/span><\/p>\n<p><span style=\"font-weight: 400;\">\u00a0<\/span><\/p>\n<p><b>\u00bfDurante cu\u00e1nto tiempo se conservan las cookies?<\/b><\/p>\n<p><b>\u00a0<\/b><\/p>\n<p><span style=\"font-weight: 400;\">Los datos derivados de las cookies que se recogen en este Sitio web ser\u00e1n conservados, seg\u00fan el tipo de cookies utilizadas, durante los siguientes plazos:<\/span><\/p>\n<p><span style=\"font-weight: 400;\">\u00a0<\/span><\/p>\n<p><span style=\"font-weight: 400;\">T\u00e9cnicas: Estas cookies se mantienen durante la sesi\u00f3n.<\/span><\/p>\n<p><span style=\"font-weight: 400;\">Rendimiento (An\u00e1lisis): Estas cookies se mantienen durante Veinticuatro (24) meses.<\/span><\/p>\n<p><span style=\"font-weight: 400;\">Preferencias y personalizaci\u00f3n: Estas cookies se conservan hasta un plazo de Un (1) minuto.<\/span><\/p>\n<p><span style=\"font-weight: 400;\">\u00a0<\/span><\/p>\n<p><b>\u00bfCu\u00e1l es el contenido del tratamiento de los datos distinto del tratamiento de los datos derivados del uso de las cookies?<\/b><\/p>\n<p><b>\u00a0<\/b><\/p>\n<p><span style=\"font-weight: 400;\">Para conocer el resto de informaci\u00f3n exigida por la normativa sobre protecci\u00f3n de datos que no se refiera, de forma espec\u00edfica, a las cookies utilizadas en este Sitio web, la persona usuaria puede acceder a la pol\u00edtica de privacidad del Sitio publicada en este enlace\u00a0<\/span><span style=\"font-weight: 400;\">https:\/\/<\/span><a href=\"http:\/\/www.treelogy.es\/politica-de-privacidad\/\"><span style=\"font-weight: 400;\">www.thepoint.com.es\/politica-de-privacidad\/<\/span><\/a><\/p>\n<p><span style=\"font-weight: 400;\">\u00a0<\/span><\/p>\n<p><b>\u00bfC\u00f3mo se actualiza esta pol\u00edtica?<\/b><\/p>\n<p><b>\u00a0<\/b><\/p>\n<p><span style=\"font-weight: 400;\">Esta pol\u00edtica de cookies podr\u00e1 ser actualizada por TBMedia. En este sentido, a partir del momento en que TBMedia ponga a disposici\u00f3n de la persona usuaria la nueva pol\u00edtica de cookies, mediante su publicaci\u00f3n en este Sitio web, esta nueva pol\u00edtica ser\u00e1 de aplicaci\u00f3n sustituyendo a la anteriormente publicada. Es responsabilidad de la persona usuaria acceder peri\u00f3dicamente a esta pol\u00edtica para conocer en todo momento la \u00faltima versi\u00f3n de la misma.<\/span><\/p>\n\n\t\t<\/div>\n\t<\/div><div class=\"vc_empty_space\"  style=\"height: 32px\" >\n\t<span class=\"vc_empty_space_inner\">\n\t\t<span class=\"empty_space_image\"  ><\/span>\n\t<\/span>\n<\/div><\/div><\/div><\/div><\/div><\/div>\n<\/div>","protected":false},"excerpt":{"rendered":"Pol\u00edtica de cookies &nbsp; \u00bfQu\u00e9 objeto tiene esta pol\u00edtica? Informar a la persona usuaria sobre el uso en este sitio web\u00a0www.thepoint.com.es\u00a0(en adelante Sitio o Sitio web) de cookies y dispositivos de almacenamiento y recuperaci\u00f3n de datos (dard) y tecnolog\u00edas equivalentes. \u00a0 \u00bfQu\u00e9 son las cookies...","protected":false},"author":1,"featured_media":0,"parent":0,"menu_order":0,"comment_status":"closed","ping_status":"closed","template":"","meta":{"footnotes":""},"class_list":["post-463","page","type-page","status-publish","hentry"],"_links":{"self":[{"href":"https:\/\/www.thepoint.com.es\/en\/wp-json\/wp\/v2\/pages\/463","targetHints":{"allow":["GET"]}}],"collection":[{"href":"https:\/\/www.thepoint.com.es\/en\/wp-json\/wp\/v2\/pages"}],"about":[{"href":"https:\/\/www.thepoint.com.es\/en\/wp-json\/wp\/v2\/types\/page"}],"author":[{"embeddable":true,"href":"https:\/\/www.thepoint.com.es\/en\/wp-json\/wp\/v2\/users\/1"}],"replies":[{"embeddable":true,"href":"https:\/\/www.thepoint.com.es\/en\/wp-json\/wp\/v2\/comments?post=463"}],"version-history":[{"count":0,"href":"https:\/\/www.thepoint.com.es\/en\/wp-json\/wp\/v2\/pages\/463\/revisions"}],"wp:attachment":[{"href":"https:\/\/www.thepoint.com.es\/en\/wp-json\/wp\/v2\/media?parent=463"}],"curies":[{"name":"wp","href":"https:\/\/api.w.org\/{rel}","templated":true}]}}