{"id":460,"date":"2023-06-28T08:44:12","date_gmt":"2023-06-28T08:44:12","guid":{"rendered":"https:\/\/www.thepoint.com.es\/?page_id=460"},"modified":"2023-06-28T10:19:42","modified_gmt":"2023-06-28T10:19:42","slug":"politica-de-uso","status":"publish","type":"page","link":"https:\/\/www.thepoint.com.es\/en\/politica-de-uso\/","title":{"rendered":"Pol\u00edtica de Uso"},"content":{"rendered":"<div class=\"wpb-content-wrapper\"><div      class=\"vc_row wpb_row section vc_row-fluid\" style=' text-align:left;'><div class=\"full_section_inner clearfix\"><div class=\"wpb_column vc_column_container vc_col-sm-12\"><div class=\"vc_column-inner\"><div class=\"wpb_wrapper\">\n\t<div class=\"wpb_text_column wpb_content_element\">\n\t\t<div class=\"wpb_wrapper\">\n\t\t\t<h3><b>Pol\u00edtica de uso<\/b><\/h3>\n<p><b>\u00bfCu\u00e1l es el objeto de esta pol\u00edtica?<\/b><\/p>\n<p><span style=\"font-weight: 400;\">\u00a0<\/span><\/p>\n<p><span style=\"font-weight: 400;\">Regular los t\u00e9rminos y condiciones en los que la persona usuaria podr\u00e1 acceder y utilizar este sitio web con la Url www.thepoint.com.es del que es titular la entidad TBMedia Universal S.L.U. y cuya finalidad consiste en proporcionar informaci\u00f3n sobre el Titular y los servicios que presta.<\/span><\/p>\n<p><span style=\"font-weight: 400;\">\u00a0<\/span><\/p>\n<p><b>\u00bfQui\u00e9n puede ser persona usuaria de este Sitio web?<\/b><\/p>\n<p><span style=\"font-weight: 400;\">\u00a0<\/span><\/p>\n<p><span style=\"font-weight: 400;\">Cualquier persona f\u00edsica mayor de edad que acceda, visualice, utilice los contenidos de este Sitio web y est\u00e9 capacitada para poder aceptar y obligarse con los t\u00e9rminos y condiciones de la presente Pol\u00edtica de uso.<\/span><\/p>\n<p><span style=\"font-weight: 400;\">La persona usuaria debe ser conocedora de que el acceso y uso de los servicios y contenidos de este Sitio web se realiza bajo su \u00fanica y exclusiva responsabilidad.<\/span><\/p>\n<p><b>\u00a0<\/b><\/p>\n<p><b>\u00bfC\u00f3mo se acepta esta pol\u00edtica?<\/b><\/p>\n<p><span style=\"font-weight: 400;\">\u00a0<\/span><\/p>\n<p><span style=\"font-weight: 400;\">La persona usuaria que acceda, visualice y utilice el Sitio web estar\u00e1 aceptando esta Pol\u00edtica de uso y sus contenidos. Por ello, si la persona usuaria no acepta los t\u00e9rminos y condiciones de la presente pol\u00edtica, deber\u00e1 abstenerse de acceder, visualizar y utilizar el Sitio web.<\/span><\/p>\n<p><span style=\"font-weight: 400;\">\u00a0<\/span><\/p>\n<p><b>\u00bfQu\u00e9 idioma se utiliza en esta pol\u00edtica?<\/b><\/p>\n<p><span style=\"font-weight: 400;\">\u00a0<\/span><\/p>\n<p><b>\u00a0<\/b><span style=\"font-weight: 400;\">Los servicios y contenidos ofrecidos en este Sitio web estar\u00e1n disponibles en espa\u00f1ol sin perjuicio de la posibilidad, a reserva del Titular, de ofrecer los mismos en idiomas auton\u00f3micos oficiales u otros idiomas hablados en la Uni\u00f3n Europea.<\/span><\/p>\n<p><b>\u00a0<\/b><\/p>\n<p><b>\u00bfQu\u00e9 derechos y obligaciones tiene la persona usuaria?<\/b><\/p>\n<p><span style=\"font-weight: 400;\">\u00a0<\/span><\/p>\n<p><span style=\"font-weight: 400;\">La persona usuaria podr\u00e1 realizar las siguientes acciones:\u00a0 acceder y utilizar este Sitio web y sus contenidos de forma gratuita y sin necesidad de autorizaci\u00f3n previa del Titular; utilizar los servicios y contenidos disponibles para su uso exclusivamente particular debiendo hacer un uso correcto y l\u00edcito del mismo, de acuerdo con la legislaci\u00f3n vigente, la moral, las buenas costumbres y el orden p\u00fablico; y descargar una \u00fanica copia del Sitio web para su visualizaci\u00f3n off-line con fines personales y no comerciales.<\/span><\/p>\n<p><span style=\"font-weight: 400;\">En ning\u00fan caso, la persona usuaria podr\u00e1 realizar cualquiera de las siguientes acciones: acceder y utilizar los servicios y contenidos de este Sitio web para cometer acciones il\u00edcitas o contrarias a esta Pol\u00edtica de uso, la legislaci\u00f3n vigente, la moral, las buenas costumbres y el orden p\u00fablico, con fines lesivos de derechos \u2013en especial los derechos fundamentales y libertades p\u00fablicas- del Titular o de terceros, o que puedan perjudicar, da\u00f1ar o impedir, por cualquier forma, el acceso a los mismos, en perjuicio del Titular o de terceros; utilizar, total o parcialmente, los servicios para promocionar, vender, contratar, divulgar publicidad o informaci\u00f3n propia o de terceras personas; e incluir en sitios web de su responsabilidad o propiedad \u201cmetatags\u201d correspondientes a marcas, nombres comerciales o signos distintivos propiedad del Titular.<\/span><\/p>\n<p><span style=\"font-weight: 400;\">La persona usuaria responder\u00e1 de los da\u00f1os y perjuicios de cualquier naturaleza causados al Titular, directa o indirectamente, por el incumplimiento de alguna de sus obligaciones derivadas de esta Pol\u00edtica de uso u otras normas por las que se rija la utilizaci\u00f3n del Sitio web.<\/span><\/p>\n<p><b>\u00a0<\/b><\/p>\n<p><b>\u00bfQu\u00e9 derechos tiene el Titular?<\/b><\/p>\n<p><span style=\"font-weight: 400;\">\u00a0<\/span><\/p>\n<p><span style=\"font-weight: 400;\">El Titular de este Sitio web podr\u00e1: modificar las condiciones de acceso al Sitio web, t\u00e9cnicas o no, de forma unilateral y sin preaviso a las personas usuarias; modificar los contenidos y servicios de este Sitio web; establecer condiciones particulares y en su caso, la exigencia de un precio u otros requisitos para el acceso a determinados servicios o contenidos del Sitio; iniciar, si procede, cualquier acci\u00f3n legal o judicial que resulte conveniente para la protecci\u00f3n de los derechos del Titular o de terceros que presten sus servicios o contenidos a trav\u00e9s de este Sitio; finalizar la prestaci\u00f3n de un servicio o suministro de un contenido sin derecho a indemnizaci\u00f3n, cuando su utilizaci\u00f3n por las personas usuarias devenga il\u00edcito o contrario a lo establecido en las condiciones que lo regulan sin perjuicio, en su caso, de lo dispuesto en las condiciones particulares que regulen el uso de un determinado servicio o contenido destinado al usuario de este Sitio; y exigir cualquier indemnizaci\u00f3n que pudiera derivarse del uso indebido o il\u00edcito de todo o parte de los servicios y contenidos prestados a trav\u00e9s del Sitio web.<\/span><\/p>\n<p><span style=\"font-weight: 400;\">El Titular queda exento de cualquier responsabilidad por p\u00e9rdidas, da\u00f1os y perjuicios de cualquier naturaleza como consecuencia de la imposibilidad o dificultades de conexi\u00f3n a la red de comunicaciones a trav\u00e9s de la que resulta accesible este Sitio; la interrupci\u00f3n, suspensi\u00f3n o cancelaci\u00f3n del acceso al Sitio; y la disponibilidad y continuidad del funcionamiento de este Sitio o de los servicios y\/o contenidos en el mismo, cuando ello se deba a la interrupci\u00f3n del servicio por mantenimiento t\u00e9cnico de la web o por causa ajena fuera del \u00e1mbito de control del Titular, ya provenga directa o indirectamente de este.<\/span><\/p>\n<p><b>\u00a0<\/b><\/p>\n<p><b>\u00bfQui\u00e9n es el propietario de los derechos de propiedad intelectual e industrial de los contenidos de este Sitio web?<\/b><\/p>\n<p><span style=\"font-weight: 400;\">\u00a0<\/span><\/p>\n<p><span style=\"font-weight: 400;\">Los contenidos y servicios ofrecidos en este Sitio -tales como, entre otros, textos, gr\u00e1ficos, im\u00e1genes, animaciones, creaciones musicales, v\u00eddeos, sonidos, dibujos, fotograf\u00edas, aplicaciones inform\u00e1ticas, bases de datos, c\u00f3digos y, en general, todas las creaciones expresadas por cualquier medio o soporte-, est\u00e1n protegidos por la legislaci\u00f3n en materia de propiedad intelectual. Los derechos de autor y de explotaci\u00f3n econ\u00f3mica de los contenidos de este Sitio web corresponden en exclusiva al Titular o en su caso, a terceras personas o entidades y en ambos supuestos, se encuentran protegidos por las leyes vigentes en materia de propiedad intelectual.<\/span><\/p>\n<p><span style=\"font-weight: 400;\">Asimismo, las marcas, nombres comerciales o signos distintivos que aparecen en este Sitio son propiedad del Titular o en su caso, de terceras entidades y se encuentran protegidos por la legislaci\u00f3n en materia de propiedad industrial.<\/span><\/p>\n<p><span style=\"font-weight: 400;\">La prestaci\u00f3n de los servicios y publicaci\u00f3n de los contenidos a trav\u00e9s de este Sitio web no implicar\u00e1 en ning\u00fan caso la cesi\u00f3n, renuncia o transmisi\u00f3n, total o parcial, de la titularidad de los correspondientes derechos de propiedad intelectual e industrial.<\/span><\/p>\n<p><span style=\"font-weight: 400;\">Ninguna parte de este Sitio web puede ser reproducida, distribuida, transmitida, copiada, comunicada p\u00fablicamente y transformada, de forma total o parcial, mediante cualquier sistema o m\u00e9todo manual, electr\u00f3nico o mec\u00e1nico, incluyendo el fotocopiado, grabaci\u00f3n o cualquier sistema de recuperaci\u00f3n y almacenamiento de informaci\u00f3n, sin la autorizaci\u00f3n previa y expresa del Titular.<\/span><\/p>\n<p><span style=\"font-weight: 400;\">\u00a0<\/span><\/p>\n<p><b>\u00bfC\u00f3mo deben realizarse los enlaces o hiperenlaces a este Sitio web?<\/b><\/p>\n<p><span style=\"font-weight: 400;\">\u00a0<\/span><\/p>\n<p><span style=\"font-weight: 400;\">La persona usuaria que pretenda realizar o realice un hiperenlace desde una p\u00e1gina web de otro sitio web de Internet a cualquiera de las p\u00e1ginas de este Sitio deber\u00e1 realizarlo a la direcci\u00f3n Url completa, sin establecerse deep-linking, ni enlaces de imagen, ni frames. La p\u00e1gina web que contenga el hiperenlace al Sitio web no incluir\u00e1 ninguna marca, nombre comercial, r\u00f3tulo de establecimiento, denominaci\u00f3n, logotipo, eslogan u otros signos distintivos pertenecientes al Titular, salvo que este lo haya autorizado expresamente.<\/span><\/p>\n<p><span style=\"font-weight: 400;\">Los hiperenlaces a este Sitio no incluir\u00e1n ninguna manifestaci\u00f3n falsa, equ\u00edvoca, inexacta o incorrecta sobre las p\u00e1ginas del presente Sitio web ni sobre sus servicios o contenidos. Los hiperenlaces al Sitio web no implicar\u00e1n la existencia de ning\u00fan tipo de relaci\u00f3n entre el Titular y el titular de la p\u00e1gina web o del sitio web desde el cual se realice. El Titular no ser\u00e1 responsable de los contenidos o servicios puestos a disposici\u00f3n del p\u00fablico en la p\u00e1gina web desde la cual se realice el hiperenlace a este Sitio, ni de las informaciones y manifestaciones incluidas en la misma.<\/span><\/p>\n<p><b>\u00a0<\/b><\/p>\n<p><b>\u00bfDurante cu\u00e1nto tiempo estar\u00e1 activo este Sitio web?<\/b><\/p>\n<p><span style=\"font-weight: 400;\">\u00a0<\/span><\/p>\n<p><span style=\"font-weight: 400;\">La prestaci\u00f3n de los servicios a trav\u00e9s de este Sitio web tiene duraci\u00f3n indefinida. No obstante, en cualquier momento, el Titular podr\u00e1 dar por terminada o suspender la prestaci\u00f3n de los servicios de este Sitio lo que ser\u00e1 comunicado a las personas usuarias cuando ello sea razonablemente posible para el Titular.<\/span><\/p>\n<p><b>\u00a0<\/b><\/p>\n<p><b>\u00bfQu\u00e9 legislaci\u00f3n rige esta pol\u00edtica?<\/b><\/p>\n<p><span style=\"font-weight: 400;\">\u00a0<\/span><\/p>\n<p><b>\u00a0<\/b><span style=\"font-weight: 400;\">La presente Pol\u00edtica de uso se rige por la legislaci\u00f3n espa\u00f1ola.<\/span><\/p>\n<p><span style=\"font-weight: 400;\">\u00a0<\/span><\/p>\n<p><b>\u00bfQu\u00e9 fuero se aplica a esta pol\u00edtica?<\/b><\/p>\n<p><span style=\"font-weight: 400;\">\u00a0<\/span><\/p>\n<p><span style=\"font-weight: 400;\">En los casos en que la persona usuaria act\u00fae en su condici\u00f3n de empresario con \u00e1nimo de lucro y un prop\u00f3sito relacionado con su actividad comercial, empresarial, oficio o profesi\u00f3n, renuncia expresamente al fuero que le pudiera corresponder y se somete expresamente a los Juzgados y Tribunales de Madrid Capital (Espa\u00f1a), para la resoluci\u00f3n de cuantos litigios pudieran derivarse de la interpretaci\u00f3n o aplicaci\u00f3n de los t\u00e9rminos establecidos en esta Pol\u00edtica de uso.<\/span><\/p>\n<p><span style=\"font-weight: 400;\">En los casos en que la persona usuaria ostente la condici\u00f3n de consumidor, conforme al art\u00edculo 3 del Real Decreto Legislativo 1\/2007, de 16 de noviembre, por el que se aprueba el texto refundido de la Ley General para la Defensa de los Consumidores y Usuarios y otras leyes complementarias (Ley General de Consumidores y Usuarios), bien se trate de personas f\u00edsicas que act\u00faen con un prop\u00f3sito ajeno a su actividad comercial, empresarial, oficio o profesi\u00f3n, o bien se trate de personas jur\u00eddicas y las entidades sin personalidad jur\u00eddica que act\u00faen sin \u00e1nimo de lucro en un \u00e1mbito ajeno a una actividad comercial o empresarial, ser\u00e1n de aplicaci\u00f3n los Juzgados y Tribunales del domicilio del consumidor y usuario.<\/span><\/p>\n<p><span style=\"font-weight: 400;\">Asimismo y en estos casos en que la persona usuaria ostente la condici\u00f3n de consumidor de acuerdo con la Ley General de Consumidores y Usuarios, en virtud de lo dispuesto en el\u00a0<\/span><a href=\"https:\/\/www.boe.es\/buscar\/doc.php?id=DOUE-L-2013-81182\"><span style=\"font-weight: 400;\">Reglamento (UE) n\u00ba 524\/2013 del Parlamento Europeo y del Consejo, de 21 de mayo de 2013, sobre resoluci\u00f3n de litigios en l\u00ednea en materia de consumo<\/span><\/a><span style=\"font-weight: 400;\">,\u00a0la persona usuaria podr\u00e1 acceder a la \u201cPlataforma en l\u00ednea de Resoluci\u00f3n de Conflictos\u201d a trav\u00e9s del siguiente enlace:\u00a0<\/span><a href=\"http:\/\/ec.europa.eu\/consumers\/odr\/\"><span style=\"font-weight: 400;\">http:\/\/ec.europa.eu\/consumers\/odr\/<\/span><\/a><span style=\"font-weight: 400;\">, desarrollada por la Comisi\u00f3n Europea, con el fin de intentar resolver extrajudicialmente cualquier controversia que se derive de la prestaci\u00f3n por el Titular de los servicios de la sociedad de la informaci\u00f3n a trav\u00e9s de este Sitio web.<\/span><\/p>\n<p><b>\u00a0<\/b><\/p>\n<p><b>\u00bfC\u00f3mo se actualiza esta pol\u00edtica?<\/b><\/p>\n<p><span style=\"font-weight: 400;\">\u00a0<\/span><\/p>\n<p><span style=\"font-weight: 400;\">Si esta Pol\u00edtica de uso es sustituida por otra, en todo o en parte, la nueva pol\u00edtica se entender\u00e1 aceptada por la persona usuaria en el momento en que acceda, visualice y utilice este Sitio web.<\/span><\/p>\n<p><span style=\"font-weight: 400;\">Se recomienda a la persona usuaria acceder a la presente pol\u00edtica de forma peri\u00f3dica para conocer la \u00faltima versi\u00f3n publicada de la misma y en particular, cada vez que pretenda acceder o utilizar los servicios y contenidos de este Sitio web.<\/span><\/p>\n\n\t\t<\/div>\n\t<\/div><div class=\"vc_empty_space\"  style=\"height: 32px\" >\n\t<span class=\"vc_empty_space_inner\">\n\t\t<span class=\"empty_space_image\"  ><\/span>\n\t<\/span>\n<\/div><\/div><\/div><\/div><\/div><\/div>\n<\/div>","protected":false},"excerpt":{"rendered":"Pol\u00edtica de uso \u00bfCu\u00e1l es el objeto de esta pol\u00edtica? \u00a0 Regular los t\u00e9rminos y condiciones en los que la persona usuaria podr\u00e1 acceder y utilizar este sitio web con la Url www.thepoint.com.es del que es titular la entidad TBMedia Universal S.L.U. y cuya finalidad...","protected":false},"author":1,"featured_media":0,"parent":0,"menu_order":0,"comment_status":"closed","ping_status":"closed","template":"","meta":{"footnotes":""},"class_list":["post-460","page","type-page","status-publish","hentry"],"_links":{"self":[{"href":"https:\/\/www.thepoint.com.es\/en\/wp-json\/wp\/v2\/pages\/460","targetHints":{"allow":["GET"]}}],"collection":[{"href":"https:\/\/www.thepoint.com.es\/en\/wp-json\/wp\/v2\/pages"}],"about":[{"href":"https:\/\/www.thepoint.com.es\/en\/wp-json\/wp\/v2\/types\/page"}],"author":[{"embeddable":true,"href":"https:\/\/www.thepoint.com.es\/en\/wp-json\/wp\/v2\/users\/1"}],"replies":[{"embeddable":true,"href":"https:\/\/www.thepoint.com.es\/en\/wp-json\/wp\/v2\/comments?post=460"}],"version-history":[{"count":0,"href":"https:\/\/www.thepoint.com.es\/en\/wp-json\/wp\/v2\/pages\/460\/revisions"}],"wp:attachment":[{"href":"https:\/\/www.thepoint.com.es\/en\/wp-json\/wp\/v2\/media?parent=460"}],"curies":[{"name":"wp","href":"https:\/\/api.w.org\/{rel}","templated":true}]}}