{"id":457,"date":"2023-06-28T08:40:53","date_gmt":"2023-06-28T08:40:53","guid":{"rendered":"https:\/\/www.thepoint.com.es\/?page_id=457"},"modified":"2023-06-28T10:17:51","modified_gmt":"2023-06-28T10:17:51","slug":"politica-de-privacidad","status":"publish","type":"page","link":"https:\/\/www.thepoint.com.es\/en\/politica-de-privacidad\/","title":{"rendered":"Pol\u00edtica de Privacidad"},"content":{"rendered":"<div class=\"wpb-content-wrapper\"><div      class=\"vc_row wpb_row section vc_row-fluid\" style=' text-align:left;'><div class=\"full_section_inner clearfix\"><div class=\"wpb_column vc_column_container vc_col-sm-12\"><div class=\"vc_column-inner\"><div class=\"wpb_wrapper\">\n\t<div class=\"wpb_text_column wpb_content_element\">\n\t\t<div class=\"wpb_wrapper\">\n\t\t\t<h3><b>Pol\u00edtica de privacidad:<\/b><\/h3>\n<p>&nbsp;<\/p>\n<p><b>\u00bfCu\u00e1l es el objeto de esta pol\u00edtica?<\/b><\/p>\n<p><span style=\"font-weight: 400;\">\u00a0<\/span><\/p>\n<p><span style=\"font-weight: 400;\">Informar a las personas interesadas de los aspectos relacionados con el tratamiento de los datos personales que proporcionen a TB Media Universal S.L.U., en cualquier momento y de manera voluntaria, mediante tel\u00e9fono, correo postal, correo electr\u00f3nico o cumplimentando el formulario de contacto de este sitio web con la Url <\/span><a href=\"http:\/\/www.thepoint.com.es\/en\/\"><span style=\"font-weight: 400;\">www.thepoint.com.es<\/span><\/a><\/p>\n<p><span style=\"font-weight: 400;\">La presente Pol\u00edtica se completa y es de aplicaci\u00f3n subsidiaria con aquellos textos informativos y de solicitud del consentimiento que se incluyan en el formulario de contacto de este Sitio web.<\/span><\/p>\n<p><span style=\"font-weight: 400;\">\u00a0<\/span><\/p>\n<p><b>\u00bfC\u00f3mo se acepta esta pol\u00edtica?<\/b><\/p>\n<p><b>\u00a0<\/b><\/p>\n<p><span style=\"font-weight: 400;\">La persona interesada que tras la lectura de esta Pol\u00edtica de privacidad contin\u00fae utilizando el Sitio web estar\u00e1 aceptando el contenido de la misma. En otro caso, si la persona interesada no est\u00e1 conforme con lo establecido en esta pol\u00edtica deber\u00e1 abandonar el Sitio web.<\/span><\/p>\n<p><span style=\"font-weight: 400;\">\u00a0<\/span><\/p>\n<p><b>\u00bfQu\u00e9 normativa se aplica al tratamiento de datos?<\/b><\/p>\n<p><span style=\"font-weight: 400;\">\u00a0<\/span><\/p>\n<p><span style=\"font-weight: 400;\">Cualquier tratamiento de datos que se realice a trav\u00e9s de este Sitio web quedar\u00e1 bajo el \u00e1mbito de aplicaci\u00f3n de la legislaci\u00f3n vigente en Espa\u00f1a sobre protecci\u00f3n de datos y en particular, del Reglamento (UE) 2016\/679 del Parlamento Europeo y del Consejo de 27 de abril de 2016 relativo a la protecci\u00f3n de las personas f\u00edsicas en lo que respecta al tratamiento de datos personales y a la libre circulaci\u00f3n de estos datos y por el que se deroga la Directiva 95\/46\/CE (en adelante RGPD), de la Ley Org\u00e1nica 3\/2018, de 5 de diciembre, de Protecci\u00f3n de Datos Personales y garant\u00eda de los derechos digitales, de la Ley 34\/2002, de 11 de julio, de servicios de la sociedad de la informaci\u00f3n y de comercio electr\u00f3nico y de la restante normativa que resulte aplicable en la materia.<\/span><\/p>\n<p><span style=\"font-weight: 400;\">\u00a0<\/span><\/p>\n<p><b>\u00bfEst\u00e1 obligada la persona interesada a proporcionar sus datos en este Sitio web?<\/b><\/p>\n<p><span style=\"font-weight: 400;\">\u00a0<\/span><\/p>\n<p><span style=\"font-weight: 400;\">No. La persona interesada que acceda a este Sitio web no est\u00e1 obligada a proporcionar sus datos personales para utilizar el Sitio de manera que, cualquier entrega de datos por parte de la persona interesada se realizar\u00e1 porque ha decidido voluntariamente una navegaci\u00f3n o uso personalizado de los servicios prestados en este Sitio.<\/span><\/p>\n<p><span style=\"font-weight: 400;\">El hecho de que la persona interesada facilite sus datos a TB Media Universal S.L.U se entender\u00e1 como que est\u00e1 prestando su consentimiento, mediante un acto afirmativo claro que refleja su voluntad de aceptar el tratamiento de los datos por parte de TB Media Universal S.L.U para las finalidades indicadas en la presente Pol\u00edtica.<\/span><\/p>\n<p><span style=\"font-weight: 400;\">En caso de que la persona interesada no est\u00e9 conforme con el tratamiento de sus datos, no deber\u00e1 facilitar sus datos a TB Media Universal S.L.U pudiendo contactar con esta entidad de forma telef\u00f3nica y an\u00f3nima.<\/span><\/p>\n<p><span style=\"font-weight: 400;\">En todo caso, si de acuerdo con lo anterior, la persona interesada decide proporcionar sus datos personales a TB Media Universal S.L.U, acepta y est\u00e1 obligada a facilitar datos exactos, actualizados y \u00fanicamente correspondientes a su identidad. Queda prohibido a la persona interesada facilitar datos de terceras personas, salvo que disponga del consentimiento de tales personas autorizando la recogida y tratamiento de los datos conforme a lo establecido en esta Pol\u00edtica.<\/span><\/p>\n<p><span style=\"font-weight: 400;\">\u00a0<\/span><\/p>\n<p><b>\u00bfQui\u00e9n es el responsable del tratamiento de los datos?<\/b><\/p>\n<p><span style=\"font-weight: 400;\">\u00a0<\/span><\/p>\n<p><span style=\"font-weight: 400;\">TB Media Universal S.L.U (en adelante TBMedia), con domicilio postal en la C\/ Ram\u00f3n y Cajal, 15, 28224, Pozuelo de Alarc\u00f3n, Madrid, tel\u00e9fono +34 619 330 532\u00a0 y direcci\u00f3n electr\u00f3nica: info@thepoint.com.es, es la entidad responsable del tratamiento de los datos facilitados por cualquier persona interesada mediante tel\u00e9fono, correo postal, correo electr\u00f3nico o cumplimentando el formulario de contacto del Sitio web.<\/span><\/p>\n<p><span style=\"font-weight: 400;\">\u00a0<\/span><\/p>\n<p><b>\u00bfCon qu\u00e9 legitimaci\u00f3n y finalidades ser\u00e1n tratados los datos?<\/b><\/p>\n<p><span style=\"font-weight: 400;\">\u00a0<\/span><\/p>\n<p><span style=\"font-weight: 400;\">A trav\u00e9s de este Sitio web la persona interesada puede proporcionar a TBMedia sus datos personales mediante tel\u00e9fono, correo postal, correo electr\u00f3nico o cumplimentando el formulario de contacto de este Sitio.<\/span><\/p>\n<p><span style=\"font-weight: 400;\">Por tanto, en el caso de que la persona interesada decida facilitar sus datos a TBMedia por cualquiera de los medios citados, el tratamiento de tales datos se llevar\u00e1 a cabo con base jur\u00eddica en el consentimiento que la persona interesada otorga a TBMedia, al proporcionar sus datos y aceptar dicho tratamiento de datos para cualquiera de las siguientes finalidades:<\/span><\/p>\n<p><span style=\"font-weight: 400;\">\u00a0<\/span><\/p>\n<ul>\n<li style=\"font-weight: 400;\" aria-level=\"1\"><span style=\"font-weight: 400;\">Los datos proporcionados mediante una llamada telef\u00f3nica o a trav\u00e9s del env\u00edo de una comunicaci\u00f3n a cualquiera de las direcciones postal o electr\u00f3nica de contacto de TBMedia publicadas en este Sitio web ser\u00e1n tratados, con base juri\u0301dica en el consentimiento que la persona interesada otorga al facilitar sus datos por cualquiera de los medios citados, para atender y responder a la comunicaci\u00f3n de la persona interesada as\u00ed como, en el caso de env\u00edo del curriculum vitae, para registrar dicho curriculum y conservarlo con el fin de gestionar la participaci\u00f3n de la persona interesada en los procesos de selecci\u00f3n iniciados por TBMedia en los que el curriculum vitae se adec\u00fae al perfil del puesto a cubrir.<\/span><\/li>\n<li style=\"font-weight: 400;\" aria-level=\"1\"><span style=\"font-weight: 400;\">Los datos proporcionados al cumplimentar el formulario de contacto del Sitio web ser\u00e1n tratados, con base jur\u00eddica en el consentimiento que la persona interesada otorga al marcar las casillas habilitadas en el formulario y enviar dicho formulario cumplimentado, para atender, gestionar y enviar, por correo electr\u00f3nico, una respuesta al mensaje y comunicaciones comerciales sobre los servicios de marketing y comunicaci\u00f3n integral prestados por TBMedia.<\/span><\/li>\n<li style=\"font-weight: 400;\" aria-level=\"1\"><span style=\"font-weight: 400;\">Asimismo, con base jur\u00eddica en el cumplimiento de una obligaci\u00f3n legal, en el caso de que con posterioridad a otorgar el consentimiento, la persona interesada manifieste TBMedia su negativa u oposici\u00f3n a recibir las citadas comunicaciones comerciales, los datos identificativos necesarios de la persona interesada ser\u00e1n conservados para evitar el env\u00edo de dichas comunicaciones.<\/span><\/li>\n<\/ul>\n<p><span style=\"font-weight: 400;\">\u00a0<\/span><\/p>\n<p><b>\u00bfSer\u00e1n comunicados los datos a terceros?<\/b><\/p>\n<p><span style=\"font-weight: 400;\">\u00a0<\/span><\/p>\n<p><span style=\"font-weight: 400;\">Los datos no ser\u00e1n comunicados por TBMedia a ning\u00fan tercero salvo que, con base jur\u00eddica en el cumplimiento de obligaciones legales, los datos deban ser comunicados a las Administraciones P\u00fablicas competentes en raz\u00f3n de la materia por motivos de control, requerimientos e inspecci\u00f3n.<\/span><\/p>\n<p><span style=\"font-weight: 400;\">Por otra parte, los datos de la persona interesada podr\u00e1n ser tratados bajo encargo por terceros que prestan a TBMedia distintos servicios auxiliares (tambi\u00e9n denominados encargados del tratamiento) as\u00ed como tareas de soporte y administraci\u00f3n de sus sistemas, a trav\u00e9s de contratos de encargo de tratamiento y siempre siguiendo las instrucciones de TBMedia con las debidas garant\u00edas de confidencialidad y seguridad.<\/span><\/p>\n<p><span style=\"font-weight: 400;\">Los datos no ser\u00e1n transferidos a terceros pa\u00edses ni a organizaciones internacionales.<\/span><\/p>\n<p><span style=\"font-weight: 400;\">\u00a0<\/span><\/p>\n<p><b>\u00bfDurante cu\u00e1nto tiempo se conservar\u00e1n los datos?<\/b><\/p>\n<p><span style=\"font-weight: 400;\">\u00a0<\/span><\/p>\n<p><span style=\"font-weight: 400;\">Los datos personales ser\u00e1n conservados\u00a0mientras se mantengan las finalidades y bases leg\u00edtimas del tratamiento y durante los plazos legales para el cumplimiento de obligaciones y atenci\u00f3n de posibles responsabilidades.<\/span><\/p>\n<p><b>\u00a0<\/b><\/p>\n<p><b>\u00bfQu\u00e9 derechos tiene la persona interesada?<\/b><\/p>\n<p><span style=\"font-weight: 400;\">\u00a0<\/span><\/p>\n<p><span style=\"font-weight: 400;\">La persona interesada puede ejercitar los derechos de acceso, rectificaci\u00f3n, supresi\u00f3n, limitaci\u00f3n al tratamiento, oposici\u00f3n, portabilidad, el derecho a retirar el consentimiento en cualquier momento, sin que ello afecte a la licitud del tratamiento basado en el consentimiento previo a su retirada y el derecho a no ser objeto de una decisi\u00f3n basada \u00fanicamente en el tratamiento automatizado, incluida la elaboraci\u00f3n de perfiles, mediante solicitud escrita dirigida a TBMedia en la direcci\u00f3n postal: Avenida de Manoteras, 38, despacho C-301, 28050 Madrid o en la direcci\u00f3n electr\u00f3nica: <\/span><a href=\"mailto:contacto@treelogy.es\"><span style=\"font-weight: 400;\">info@thepoint.com.es<\/span><\/a><span style=\"font-weight: 400;\">, indicando el derecho que ejercita y acreditando su identidad por cualquier medio v\u00e1lido.<\/span><\/p>\n<p><span style=\"font-weight: 400;\">Asimismo, la persona interesada tiene derecho a presentar una reclamaci\u00f3n ante la Agencia Espa\u00f1ola de Protecci\u00f3n de Datos, C\/ Jorge Juan 6, 28001 Madrid,\u00a0<\/span><a href=\"http:\/\/www.agpd.es\/\"><span style=\"font-weight: 400;\">www.agpd.es<\/span><\/a><span style=\"font-weight: 400;\">, tel\u00e9fono 900 293 183, en particular, cuando considere que no ha sido satisfecho el ejercicio de cualquiera de sus derechos. Con car\u00e1cter previo a cualquier reclamaci\u00f3n y de forma voluntaria, la persona interesada puede contactar con TBMedia en el email: <\/span><a href=\"mailto:contacto@treelogy.es\"><span style=\"font-weight: 400;\">info@thepoint.com.es<\/span><\/a><span style=\"font-weight: 400;\">.<\/span><\/p>\n<p><span style=\"font-weight: 400;\">Igualmente, la persona interesada tiene derecho a revocar el consentimiento prestado u oponerse a la recepci\u00f3n de comunicaciones comerciales por correo electr\u00f3nico enviando su petici\u00f3n a la direcci\u00f3n de email: info@thepoint.com.es indicando la palabra Baja en el asunto del mensaje.<\/span><\/p>\n<p><span style=\"font-weight: 400;\">\u00a0<\/span><\/p>\n<p><b>\u00bfTiene presencia TBMedia en redes sociales?<\/b><\/p>\n<p><b>\u00a0<\/b><\/p>\n<p><span style=\"font-weight: 400;\">S\u00ed. TBMedia tiene perfiles en algunas redes sociales tal como, sin cara\u0301cter limitativo, Twitter y Linkedin. La persona interesada puede seguir a TBMedia y hacerse fan de las pa\u0301ginas oficiales de TBMedia en las redes sociales mencionadas y en las distintas redes sociales.<\/span><\/p>\n<p><span style=\"font-weight: 400;\">Las redes sociales son servicios prestados por terceros proveedores que permiten al usuario participar en una comunidad virtual con otros usuarios a trave\u0301s de la cual puede generar su propio perfil pu\u0301blico d\u00f3nde crear y compartir contenidos, informaciones y datos personales con otros usuarios de la red. En una red social se pueden crear y compartir pa\u0301ginas, cuentas o perfiles con fines personales y\/o comerciales. El funcionamiento de la red social se regula en primer te\u0301rmino, por las condiciones establecidas por el titular y\/o proveedor de la red y, en segundo te\u0301rmino, cuando se trata de pa\u0301ginas, cuentas o perfiles con fines comerciales, por los te\u0301rminos y condiciones establecidos por el responsable del perfil o cuenta comercial que en su caso sera\u0301 adema\u0301s responsable del tratamiento de los datos de e\u0301stas.<\/span><\/p>\n<p><span style=\"font-weight: 400;\">La persona interesada queda informada de que el tratamiento de los datos que se realice a trave\u0301s de las pa\u0301ginas, perfiles o cuentas de TBMedia en redes sociales se regira\u0301 por las correspondientes poli\u0301ticas y condiciones tanto de la pa\u0301gina oficial como del proveedor y titular de cada red social en su caso.<\/span><\/p>\n<p><span style=\"font-weight: 400;\">\u00a0<\/span><\/p>\n<p><b>\u00bfC\u00f3mo se actualiza esta pol\u00edtica?<\/b><\/p>\n<p><span style=\"font-weight: 400;\">\u00a0<\/span><\/p>\n<p><span style=\"font-weight: 400;\">Cualquier modificaci\u00f3n de la presente Pol\u00edtica de privacidad ser\u00e1 publicada en este Sitio web teniendo en cuenta la persona interesada que el tratamiento de sus datos personales se regir\u00e1 -en los casos en que los proporcione\u2013 por las normas vigentes en protecci\u00f3n de datos personales en el momento en que los haya facilitado a TBMedia.<\/span><\/p>\n<p><span style=\"font-weight: 400;\">Se recomienda a la persona interesada acceder a esta pol\u00edtica de forma peri\u00f3dica para conocer la \u00faltima versi\u00f3n publicada de la misma y en particular, cada vez que pretenda acceder al Sitio web.<\/span><\/p>\n\n\t\t<\/div>\n\t<\/div><div class=\"vc_empty_space\"  style=\"height: 32px\" >\n\t<span class=\"vc_empty_space_inner\">\n\t\t<span class=\"empty_space_image\"  ><\/span>\n\t<\/span>\n<\/div><\/div><\/div><\/div><\/div><\/div>\n<\/div>","protected":false},"excerpt":{"rendered":"Pol\u00edtica de privacidad: &nbsp; \u00bfCu\u00e1l es el objeto de esta pol\u00edtica? \u00a0 Informar a las personas interesadas de los aspectos relacionados con el tratamiento de los datos personales que proporcionen a TB Media Universal S.L.U., en cualquier momento y de manera voluntaria, mediante tel\u00e9fono, correo...","protected":false},"author":1,"featured_media":0,"parent":0,"menu_order":0,"comment_status":"closed","ping_status":"closed","template":"","meta":{"footnotes":""},"class_list":["post-457","page","type-page","status-publish","hentry"],"_links":{"self":[{"href":"https:\/\/www.thepoint.com.es\/en\/wp-json\/wp\/v2\/pages\/457","targetHints":{"allow":["GET"]}}],"collection":[{"href":"https:\/\/www.thepoint.com.es\/en\/wp-json\/wp\/v2\/pages"}],"about":[{"href":"https:\/\/www.thepoint.com.es\/en\/wp-json\/wp\/v2\/types\/page"}],"author":[{"embeddable":true,"href":"https:\/\/www.thepoint.com.es\/en\/wp-json\/wp\/v2\/users\/1"}],"replies":[{"embeddable":true,"href":"https:\/\/www.thepoint.com.es\/en\/wp-json\/wp\/v2\/comments?post=457"}],"version-history":[{"count":0,"href":"https:\/\/www.thepoint.com.es\/en\/wp-json\/wp\/v2\/pages\/457\/revisions"}],"wp:attachment":[{"href":"https:\/\/www.thepoint.com.es\/en\/wp-json\/wp\/v2\/media?parent=457"}],"curies":[{"name":"wp","href":"https:\/\/api.w.org\/{rel}","templated":true}]}}